{"id":78,"date":"2016-07-24T17:34:43","date_gmt":"2016-07-24T16:34:43","guid":{"rendered":"http:\/\/babyloniere.fr\/?page_id=78"},"modified":"2019-03-19T10:15:46","modified_gmt":"2019-03-19T09:15:46","slug":"au-village","status":"publish","type":"page","link":"http:\/\/babyloniere.fr\/index.php\/au-village\/","title":{"rendered":"au village"},"content":{"rendered":"<h4 style=\"text-align: center;\"><\/h4>\n<figure id=\"attachment_200\" aria-describedby=\"caption-attachment-200\" style=\"width: 467px\" class=\"wp-caption aligncenter\"><img decoding=\"async\" loading=\"lazy\" class=\"wp-image-200 size-full\" src=\"http:\/\/babyloniere.fr\/wp-content\/uploads\/2016\/07\/Silure_en_cuisine-700.jpg\" alt=\"\" width=\"467\" height=\"700\" srcset=\"http:\/\/babyloniere.fr\/wp-content\/uploads\/2016\/07\/Silure_en_cuisine-700.jpg 467w, http:\/\/babyloniere.fr\/wp-content\/uploads\/2016\/07\/Silure_en_cuisine-700-200x300.jpg 200w\" sizes=\"(max-width: 467px) 100vw, 467px\" \/><figcaption id=\"caption-attachment-200\" class=\"wp-caption-text\">pr\u00e9paration du poisson silure<\/figcaption><\/figure>\n<figure id=\"attachment_199\" aria-describedby=\"caption-attachment-199\" style=\"width: 1049px\" class=\"wp-caption aligncenter\"><img decoding=\"async\" loading=\"lazy\" class=\"wp-image-199 size-full\" src=\"http:\/\/babyloniere.fr\/wp-content\/uploads\/2016\/07\/Scene_-de_cuisine-700.jpg\" alt=\"\" width=\"1049\" height=\"700\" srcset=\"http:\/\/babyloniere.fr\/wp-content\/uploads\/2016\/07\/Scene_-de_cuisine-700.jpg 1049w, http:\/\/babyloniere.fr\/wp-content\/uploads\/2016\/07\/Scene_-de_cuisine-700-300x200.jpg 300w, http:\/\/babyloniere.fr\/wp-content\/uploads\/2016\/07\/Scene_-de_cuisine-700-768x512.jpg 768w, http:\/\/babyloniere.fr\/wp-content\/uploads\/2016\/07\/Scene_-de_cuisine-700-1024x683.jpg 1024w, http:\/\/babyloniere.fr\/wp-content\/uploads\/2016\/07\/Scene_-de_cuisine-700-960x640.jpg 960w\" sizes=\"(max-width: 1049px) 100vw, 1049px\" \/><figcaption id=\"caption-attachment-199\" class=\"wp-caption-text\">une cuisine familiale<\/figcaption><\/figure>\n<figure id=\"attachment_193\" aria-describedby=\"caption-attachment-193\" style=\"width: 1050px\" class=\"wp-caption aligncenter\"><img decoding=\"async\" loading=\"lazy\" class=\"wp-image-193 size-full\" src=\"http:\/\/babyloniere.fr\/wp-content\/uploads\/2016\/07\/Nguini_Marcel_au_champ-700.jpg\" alt=\"\" width=\"1050\" height=\"700\" srcset=\"http:\/\/babyloniere.fr\/wp-content\/uploads\/2016\/07\/Nguini_Marcel_au_champ-700.jpg 1050w, http:\/\/babyloniere.fr\/wp-content\/uploads\/2016\/07\/Nguini_Marcel_au_champ-700-300x200.jpg 300w, http:\/\/babyloniere.fr\/wp-content\/uploads\/2016\/07\/Nguini_Marcel_au_champ-700-768x512.jpg 768w, http:\/\/babyloniere.fr\/wp-content\/uploads\/2016\/07\/Nguini_Marcel_au_champ-700-1024x683.jpg 1024w, http:\/\/babyloniere.fr\/wp-content\/uploads\/2016\/07\/Nguini_Marcel_au_champ-700-960x640.jpg 960w\" sizes=\"(max-width: 1050px) 100vw, 1050px\" \/><figcaption id=\"caption-attachment-193\" class=\"wp-caption-text\">la for\u00eat ne suffit plus \u00e0 nourrir les Bagy\u00e9li qui sont contraints \u00e0 se tourner vers l&rsquo;agriculture, ils br\u00fblent des morceaux de for\u00eat pour en faire leurs champs<\/figcaption><\/figure>\n<figure id=\"attachment_514\" aria-describedby=\"caption-attachment-514\" style=\"width: 1050px\" class=\"wp-caption aligncenter\"><img decoding=\"async\" loading=\"lazy\" class=\"wp-image-514 size-full\" src=\"http:\/\/babyloniere.fr\/wp-content\/uploads\/2019\/03\/Chambre-a-coucher-madoungou_700.jpg\" alt=\"\" width=\"1050\" height=\"700\" srcset=\"http:\/\/babyloniere.fr\/wp-content\/uploads\/2019\/03\/Chambre-a-coucher-madoungou_700.jpg 1050w, http:\/\/babyloniere.fr\/wp-content\/uploads\/2019\/03\/Chambre-a-coucher-madoungou_700-300x200.jpg 300w, http:\/\/babyloniere.fr\/wp-content\/uploads\/2019\/03\/Chambre-a-coucher-madoungou_700-768x512.jpg 768w, http:\/\/babyloniere.fr\/wp-content\/uploads\/2019\/03\/Chambre-a-coucher-madoungou_700-700x467.jpg 700w, http:\/\/babyloniere.fr\/wp-content\/uploads\/2019\/03\/Chambre-a-coucher-madoungou_700-405x270.jpg 405w\" sizes=\"(max-width: 1050px) 100vw, 1050px\" \/><figcaption id=\"caption-attachment-514\" class=\"wp-caption-text\">une chambre \u00e0 coucher dans un village Bagy\u00e9li situ\u00e9 au coeur de la for\u00eat<\/figcaption><\/figure>\n<figure id=\"attachment_252\" aria-describedby=\"caption-attachment-252\" style=\"width: 525px\" class=\"wp-caption aligncenter\"><img decoding=\"async\" loading=\"lazy\" class=\"wp-image-252 size-full\" src=\"http:\/\/babyloniere.fr\/wp-content\/uploads\/2016\/08\/Chambre_a_coucher-700.jpg\" alt=\"\" width=\"525\" height=\"700\" srcset=\"http:\/\/babyloniere.fr\/wp-content\/uploads\/2016\/08\/Chambre_a_coucher-700.jpg 525w, http:\/\/babyloniere.fr\/wp-content\/uploads\/2016\/08\/Chambre_a_coucher-700-225x300.jpg 225w\" sizes=\"(max-width: 525px) 100vw, 525px\" \/><figcaption id=\"caption-attachment-252\" class=\"wp-caption-text\">une chambre \u00e0 coucher dans un village Bagy\u00e9li situ\u00e9 \u00e0 proximit\u00e9 du port industriel de Kribi<\/figcaption><\/figure>\n<figure id=\"attachment_486\" aria-describedby=\"caption-attachment-486\" style=\"width: 467px\" class=\"wp-caption aligncenter\"><img decoding=\"async\" loading=\"lazy\" class=\"wp-image-486 size-full\" src=\"http:\/\/babyloniere.fr\/wp-content\/uploads\/2018\/04\/Therese_Bebe_700.jpg\" alt=\"\" width=\"467\" height=\"700\" srcset=\"http:\/\/babyloniere.fr\/wp-content\/uploads\/2018\/04\/Therese_Bebe_700.jpg 467w, http:\/\/babyloniere.fr\/wp-content\/uploads\/2018\/04\/Therese_Bebe_700-200x300.jpg 200w, http:\/\/babyloniere.fr\/wp-content\/uploads\/2018\/04\/Therese_Bebe_700-180x270.jpg 180w\" sizes=\"(max-width: 467px) 100vw, 467px\" \/><figcaption id=\"caption-attachment-486\" class=\"wp-caption-text\">ce b\u00e9b\u00e9 Bagy\u00e9li b\u00e9n\u00e9ficie \u00e0 la fois d&rsquo;une application de talc, \u00ab\u00a0parce que c&rsquo;est moderne\u00a0\u00bb, et de ficelles traditionnelles, au pied et \u00e0 la taille, qui le prot\u00e8gent quand il est touch\u00e9 par une femme qui a ses r\u00e8gles ou vient d&rsquo;avoir un rapport sexuel.<\/figcaption><\/figure>\n<figure id=\"attachment_501\" aria-describedby=\"caption-attachment-501\" style=\"width: 1048px\" class=\"wp-caption aligncenter\"><img decoding=\"async\" loading=\"lazy\" class=\"wp-image-501 size-full\" src=\"http:\/\/babyloniere.fr\/wp-content\/uploads\/2019\/03\/Soin-au-lait-maternel-A-700.jpg\" alt=\"\" width=\"1048\" height=\"700\" srcset=\"http:\/\/babyloniere.fr\/wp-content\/uploads\/2019\/03\/Soin-au-lait-maternel-A-700.jpg 1048w, http:\/\/babyloniere.fr\/wp-content\/uploads\/2019\/03\/Soin-au-lait-maternel-A-700-300x200.jpg 300w, http:\/\/babyloniere.fr\/wp-content\/uploads\/2019\/03\/Soin-au-lait-maternel-A-700-768x513.jpg 768w, http:\/\/babyloniere.fr\/wp-content\/uploads\/2019\/03\/Soin-au-lait-maternel-A-700-700x468.jpg 700w, http:\/\/babyloniere.fr\/wp-content\/uploads\/2019\/03\/Soin-au-lait-maternel-A-700-404x270.jpg 404w\" sizes=\"(max-width: 1048px) 100vw, 1048px\" \/><figcaption id=\"caption-attachment-501\" class=\"wp-caption-text\">certaines filarioses provoquent de fortes d\u00e9mangeaisons dans les yeux, quand leurs enfants sont touch\u00e9s les femmes utilisent leur lait maternel comme un collyre apaisant<\/figcaption><\/figure>\n","protected":false},"excerpt":{"rendered":"","protected":false},"author":1,"featured_media":0,"parent":0,"menu_order":0,"comment_status":"closed","ping_status":"closed","template":"","meta":[],"_links":{"self":[{"href":"http:\/\/babyloniere.fr\/index.php\/wp-json\/wp\/v2\/pages\/78"}],"collection":[{"href":"http:\/\/babyloniere.fr\/index.php\/wp-json\/wp\/v2\/pages"}],"about":[{"href":"http:\/\/babyloniere.fr\/index.php\/wp-json\/wp\/v2\/types\/page"}],"author":[{"embeddable":true,"href":"http:\/\/babyloniere.fr\/index.php\/wp-json\/wp\/v2\/users\/1"}],"replies":[{"embeddable":true,"href":"http:\/\/babyloniere.fr\/index.php\/wp-json\/wp\/v2\/comments?post=78"}],"version-history":[{"count":51,"href":"http:\/\/babyloniere.fr\/index.php\/wp-json\/wp\/v2\/pages\/78\/revisions"}],"predecessor-version":[{"id":576,"href":"http:\/\/babyloniere.fr\/index.php\/wp-json\/wp\/v2\/pages\/78\/revisions\/576"}],"wp:attachment":[{"href":"http:\/\/babyloniere.fr\/index.php\/wp-json\/wp\/v2\/media?parent=78"}],"curies":[{"name":"wp","href":"https:\/\/api.w.org\/{rel}","templated":true}]}}