{"id":469,"date":"2018-02-11T20:32:40","date_gmt":"2018-02-11T19:32:40","guid":{"rendered":"http:\/\/babyloniere.fr\/?page_id=469"},"modified":"2019-03-19T10:23:12","modified_gmt":"2019-03-19T09:23:12","slug":"news","status":"publish","type":"page","link":"http:\/\/babyloniere.fr\/index.php\/news\/","title":{"rendered":"l&rsquo;ext\u00e9rieur de la for\u00eat"},"content":{"rendered":"<h4 style=\"text-align: center;\">le monde \u00e0 l&rsquo;ext\u00e9rieur de la for\u00eat des Bagy\u00e9li est celui d&rsquo;une soci\u00e9t\u00e9 camerounaise rurale, connaissant un essor industriel en raison de la construction du port industriel de Kribi<\/h4>\n<figure id=\"attachment_468\" aria-describedby=\"caption-attachment-468\" style=\"width: 1050px\" class=\"wp-caption aligncenter\"><img decoding=\"async\" loading=\"lazy\" class=\"wp-image-468 size-full\" src=\"http:\/\/babyloniere.fr\/wp-content\/uploads\/2018\/02\/Route_Lolabe_chantier_700.jpg\" alt=\"\" width=\"1050\" height=\"700\" srcset=\"http:\/\/babyloniere.fr\/wp-content\/uploads\/2018\/02\/Route_Lolabe_chantier_700.jpg 1050w, http:\/\/babyloniere.fr\/wp-content\/uploads\/2018\/02\/Route_Lolabe_chantier_700-300x200.jpg 300w, http:\/\/babyloniere.fr\/wp-content\/uploads\/2018\/02\/Route_Lolabe_chantier_700-768x512.jpg 768w, http:\/\/babyloniere.fr\/wp-content\/uploads\/2018\/02\/Route_Lolabe_chantier_700-700x467.jpg 700w, http:\/\/babyloniere.fr\/wp-content\/uploads\/2018\/02\/Route_Lolabe_chantier_700-405x270.jpg 405w\" sizes=\"(max-width: 1050px) 100vw, 1050px\" \/><figcaption id=\"caption-attachment-468\" class=\"wp-caption-text\">la route pour le nouveau port traverse la for\u00eat des Bagy\u00e9li<\/figcaption><\/figure>\n<p>\u00a0<\/p>\n<figure id=\"attachment_287\" aria-describedby=\"caption-attachment-287\" style=\"width: 700px\" class=\"wp-caption aligncenter\"><img decoding=\"async\" loading=\"lazy\" class=\"wp-image-287 size-full\" src=\"http:\/\/babyloniere.fr\/wp-content\/uploads\/2017\/01\/Lendi_moto-700.jpg\" alt=\"\" width=\"700\" height=\"700\" srcset=\"http:\/\/babyloniere.fr\/wp-content\/uploads\/2017\/01\/Lendi_moto-700.jpg 700w, http:\/\/babyloniere.fr\/wp-content\/uploads\/2017\/01\/Lendi_moto-700-150x150.jpg 150w, http:\/\/babyloniere.fr\/wp-content\/uploads\/2017\/01\/Lendi_moto-700-300x300.jpg 300w\" sizes=\"(max-width: 700px) 100vw, 700px\" \/><figcaption id=\"caption-attachment-287\" class=\"wp-caption-text\">la moto-taxi est le principal moyen de transport pour les Bagy\u00e9li qui ont les moyens de la prendre<\/figcaption><\/figure>\n<p>\u00a0<\/p>\n<figure id=\"attachment_564\" aria-describedby=\"caption-attachment-564\" style=\"width: 1245px\" class=\"wp-caption aligncenter\"><img decoding=\"async\" loading=\"lazy\" class=\"wp-image-564 size-full\" src=\"http:\/\/babyloniere.fr\/wp-content\/uploads\/2019\/03\/Femmes-ministres_700.jpg\" alt=\"\" width=\"1245\" height=\"700\" srcset=\"http:\/\/babyloniere.fr\/wp-content\/uploads\/2019\/03\/Femmes-ministres_700.jpg 1245w, http:\/\/babyloniere.fr\/wp-content\/uploads\/2019\/03\/Femmes-ministres_700-300x169.jpg 300w, http:\/\/babyloniere.fr\/wp-content\/uploads\/2019\/03\/Femmes-ministres_700-768x432.jpg 768w, http:\/\/babyloniere.fr\/wp-content\/uploads\/2019\/03\/Femmes-ministres_700-700x394.jpg 700w, http:\/\/babyloniere.fr\/wp-content\/uploads\/2019\/03\/Femmes-ministres_700-480x270.jpg 480w\" sizes=\"(max-width: 1245px) 100vw, 1245px\" \/><figcaption id=\"caption-attachment-564\" class=\"wp-caption-text\">un Bagy\u00e9li effectue une danse Pygm\u00e9e devant un groupe de femmes de ministre en visite \u00e0 Bipindi pour une campagne \u00e9lectorale<\/figcaption><\/figure>\n<p>\u00a0<\/p>\n<figure id=\"attachment_463\" aria-describedby=\"caption-attachment-463\" style=\"width: 1049px\" class=\"wp-caption aligncenter\"><img decoding=\"async\" loading=\"lazy\" class=\"wp-image-463 size-full\" src=\"http:\/\/babyloniere.fr\/wp-content\/uploads\/2018\/02\/Bipindi_nuit_700.jpg\" alt=\"\" width=\"1049\" height=\"700\" srcset=\"http:\/\/babyloniere.fr\/wp-content\/uploads\/2018\/02\/Bipindi_nuit_700.jpg 1049w, http:\/\/babyloniere.fr\/wp-content\/uploads\/2018\/02\/Bipindi_nuit_700-300x200.jpg 300w, http:\/\/babyloniere.fr\/wp-content\/uploads\/2018\/02\/Bipindi_nuit_700-768x512.jpg 768w, http:\/\/babyloniere.fr\/wp-content\/uploads\/2018\/02\/Bipindi_nuit_700-700x467.jpg 700w, http:\/\/babyloniere.fr\/wp-content\/uploads\/2018\/02\/Bipindi_nuit_700-405x270.jpg 405w\" sizes=\"(max-width: 1049px) 100vw, 1049px\" \/><figcaption id=\"caption-attachment-463\" class=\"wp-caption-text\">pour la visite des femmes de ministre l&rsquo;\u00e9lectricit\u00e9 est mise en marche dans le bourg de Bipindi, ce qui n&rsquo;arrive que quelques fois par an<\/figcaption><\/figure>\n\n\n<p><\/p>\n","protected":false},"excerpt":{"rendered":"<p>le monde \u00e0 l&rsquo;ext\u00e9rieur de la for\u00eat des Bagy\u00e9li est celui d&rsquo;une soci\u00e9t\u00e9 camerounaise rurale, connaissant un essor industriel en raison de la construction du port industriel de Kribi \u00a0 \u00a0 \u00a0<\/p>\n","protected":false},"author":1,"featured_media":0,"parent":0,"menu_order":0,"comment_status":"closed","ping_status":"closed","template":"","meta":[],"_links":{"self":[{"href":"http:\/\/babyloniere.fr\/index.php\/wp-json\/wp\/v2\/pages\/469"}],"collection":[{"href":"http:\/\/babyloniere.fr\/index.php\/wp-json\/wp\/v2\/pages"}],"about":[{"href":"http:\/\/babyloniere.fr\/index.php\/wp-json\/wp\/v2\/types\/page"}],"author":[{"embeddable":true,"href":"http:\/\/babyloniere.fr\/index.php\/wp-json\/wp\/v2\/users\/1"}],"replies":[{"embeddable":true,"href":"http:\/\/babyloniere.fr\/index.php\/wp-json\/wp\/v2\/comments?post=469"}],"version-history":[{"count":14,"href":"http:\/\/babyloniere.fr\/index.php\/wp-json\/wp\/v2\/pages\/469\/revisions"}],"predecessor-version":[{"id":582,"href":"http:\/\/babyloniere.fr\/index.php\/wp-json\/wp\/v2\/pages\/469\/revisions\/582"}],"wp:attachment":[{"href":"http:\/\/babyloniere.fr\/index.php\/wp-json\/wp\/v2\/media?parent=469"}],"curies":[{"name":"wp","href":"https:\/\/api.w.org\/{rel}","templated":true}]}}