{"id":404,"date":"2018-01-18T19:08:08","date_gmt":"2018-01-18T18:08:08","guid":{"rendered":"http:\/\/babyloniere.fr\/?page_id=404"},"modified":"2019-03-19T10:22:22","modified_gmt":"2019-03-19T09:22:22","slug":"guerisseurs","status":"publish","type":"page","link":"http:\/\/babyloniere.fr\/index.php\/guerisseurs\/","title":{"rendered":"gu\u00e9risseurs"},"content":{"rendered":"<h4 style=\"text-align: center;\">La soci\u00e9t\u00e9 Bagy\u00e9li est \u00e9galitaire, mais la parole des vieux gu\u00e9risseurs est respect\u00e9e par le reste du groupe<\/h4>\n<figure id=\"attachment_197\" aria-describedby=\"caption-attachment-197\" style=\"width: 467px\" class=\"wp-caption aligncenter\"><img decoding=\"async\" loading=\"lazy\" class=\"wp-image-197 size-full\" src=\"http:\/\/babyloniere.fr\/wp-content\/uploads\/2016\/07\/Papa_Nkeen700.jpg\" alt=\"\" width=\"467\" height=\"700\" srcset=\"http:\/\/babyloniere.fr\/wp-content\/uploads\/2016\/07\/Papa_Nkeen700.jpg 467w, http:\/\/babyloniere.fr\/wp-content\/uploads\/2016\/07\/Papa_Nkeen700-200x300.jpg 200w\" sizes=\"(max-width: 467px) 100vw, 467px\" \/><figcaption id=\"caption-attachment-197\" class=\"wp-caption-text\">Nkiong aime porter une veste \u00ab\u00a0occidentale\u00a0\u00bb pour recevoir des \u00e9trangers.<\/figcaption><\/figure>\n<figure id=\"attachment_493\" aria-describedby=\"caption-attachment-493\" style=\"width: 5624px\" class=\"wp-caption aligncenter\"><img decoding=\"async\" loading=\"lazy\" class=\"wp-image-493 size-full\" src=\"http:\/\/babyloniere.fr\/wp-content\/uploads\/2018\/06\/Mamia-700.jpg\" alt=\"\" width=\"5624\" height=\"3749\" srcset=\"http:\/\/babyloniere.fr\/wp-content\/uploads\/2018\/06\/Mamia-700.jpg 5624w, http:\/\/babyloniere.fr\/wp-content\/uploads\/2018\/06\/Mamia-700-300x200.jpg 300w, http:\/\/babyloniere.fr\/wp-content\/uploads\/2018\/06\/Mamia-700-768x512.jpg 768w, http:\/\/babyloniere.fr\/wp-content\/uploads\/2018\/06\/Mamia-700-700x467.jpg 700w, http:\/\/babyloniere.fr\/wp-content\/uploads\/2018\/06\/Mamia-700-405x270.jpg 405w\" sizes=\"(max-width: 5624px) 100vw, 5624px\" \/><figcaption id=\"caption-attachment-493\" class=\"wp-caption-text\">Mamia est un gu\u00e9risseur reconnu, parmi les attributs qui marquent sa fonction, il s&rsquo;est fabriqu\u00e9 un pendentif avec un vieux CD<\/figcaption><\/figure>\n<figure id=\"attachment_490\" aria-describedby=\"caption-attachment-490\" style=\"width: 467px\" class=\"wp-caption aligncenter\"><img decoding=\"async\" loading=\"lazy\" class=\"wp-image-490 size-full\" src=\"http:\/\/babyloniere.fr\/wp-content\/uploads\/2018\/04\/Nsesse-Madoungou_700.jpg\" alt=\"\" width=\"467\" height=\"700\" srcset=\"http:\/\/babyloniere.fr\/wp-content\/uploads\/2018\/04\/Nsesse-Madoungou_700.jpg 467w, http:\/\/babyloniere.fr\/wp-content\/uploads\/2018\/04\/Nsesse-Madoungou_700-200x300.jpg 200w, http:\/\/babyloniere.fr\/wp-content\/uploads\/2018\/04\/Nsesse-Madoungou_700-180x270.jpg 180w\" sizes=\"(max-width: 467px) 100vw, 467px\" \/><figcaption id=\"caption-attachment-490\" class=\"wp-caption-text\">Nsess\u00e9 officie comme aide d&rsquo;un gu\u00e9risseur, pendant qu&rsquo;il pose pour la photo son enfant a ramass\u00e9 un sachet de whisky, jet\u00e9 vide par un adulte, pour en sucer les derni\u00e8res gouttes<\/figcaption><\/figure>\n<figure id=\"attachment_196\" aria-describedby=\"caption-attachment-196\" style=\"width: 1050px\" class=\"wp-caption aligncenter\"><img decoding=\"async\" loading=\"lazy\" class=\"wp-image-196 size-full\" src=\"http:\/\/babyloniere.fr\/wp-content\/uploads\/2016\/07\/Papa_Calvin-700.jpg\" alt=\"\" width=\"1050\" height=\"700\" srcset=\"http:\/\/babyloniere.fr\/wp-content\/uploads\/2016\/07\/Papa_Calvin-700.jpg 1050w, http:\/\/babyloniere.fr\/wp-content\/uploads\/2016\/07\/Papa_Calvin-700-300x200.jpg 300w, http:\/\/babyloniere.fr\/wp-content\/uploads\/2016\/07\/Papa_Calvin-700-768x512.jpg 768w, http:\/\/babyloniere.fr\/wp-content\/uploads\/2016\/07\/Papa_Calvin-700-1024x683.jpg 1024w, http:\/\/babyloniere.fr\/wp-content\/uploads\/2016\/07\/Papa_Calvin-700-960x640.jpg 960w\" sizes=\"(max-width: 1050px) 100vw, 1050px\" \/><figcaption id=\"caption-attachment-196\" class=\"wp-caption-text\">Nzi\u00e9 porte une veste occidentale pour marquer son statut<\/figcaption><\/figure>\n<figure id=\"attachment_194\" aria-describedby=\"caption-attachment-194\" style=\"width: 1049px\" class=\"wp-caption aligncenter\"><img decoding=\"async\" loading=\"lazy\" class=\"wp-image-194 size-full\" src=\"http:\/\/babyloniere.fr\/wp-content\/uploads\/2016\/07\/Nguini_Marcel_fumant-700.jpg\" alt=\"\" width=\"1049\" height=\"700\" srcset=\"http:\/\/babyloniere.fr\/wp-content\/uploads\/2016\/07\/Nguini_Marcel_fumant-700.jpg 1049w, http:\/\/babyloniere.fr\/wp-content\/uploads\/2016\/07\/Nguini_Marcel_fumant-700-300x200.jpg 300w, http:\/\/babyloniere.fr\/wp-content\/uploads\/2016\/07\/Nguini_Marcel_fumant-700-768x512.jpg 768w, http:\/\/babyloniere.fr\/wp-content\/uploads\/2016\/07\/Nguini_Marcel_fumant-700-1024x683.jpg 1024w, http:\/\/babyloniere.fr\/wp-content\/uploads\/2016\/07\/Nguini_Marcel_fumant-700-960x640.jpg 960w\" sizes=\"(max-width: 1049px) 100vw, 1049px\" \/><figcaption id=\"caption-attachment-194\" class=\"wp-caption-text\">Nguini aime se d\u00e9marquer avec des accessoires en plastic color\u00e9s<\/figcaption><\/figure>\n","protected":false},"excerpt":{"rendered":"<p>La soci\u00e9t\u00e9 Bagy\u00e9li est \u00e9galitaire, mais la parole des vieux gu\u00e9risseurs est respect\u00e9e par le reste du groupe<\/p>\n","protected":false},"author":1,"featured_media":0,"parent":0,"menu_order":0,"comment_status":"closed","ping_status":"closed","template":"","meta":[],"_links":{"self":[{"href":"http:\/\/babyloniere.fr\/index.php\/wp-json\/wp\/v2\/pages\/404"}],"collection":[{"href":"http:\/\/babyloniere.fr\/index.php\/wp-json\/wp\/v2\/pages"}],"about":[{"href":"http:\/\/babyloniere.fr\/index.php\/wp-json\/wp\/v2\/types\/page"}],"author":[{"embeddable":true,"href":"http:\/\/babyloniere.fr\/index.php\/wp-json\/wp\/v2\/users\/1"}],"replies":[{"embeddable":true,"href":"http:\/\/babyloniere.fr\/index.php\/wp-json\/wp\/v2\/comments?post=404"}],"version-history":[{"count":16,"href":"http:\/\/babyloniere.fr\/index.php\/wp-json\/wp\/v2\/pages\/404\/revisions"}],"predecessor-version":[{"id":581,"href":"http:\/\/babyloniere.fr\/index.php\/wp-json\/wp\/v2\/pages\/404\/revisions\/581"}],"wp:attachment":[{"href":"http:\/\/babyloniere.fr\/index.php\/wp-json\/wp\/v2\/media?parent=404"}],"curies":[{"name":"wp","href":"https:\/\/api.w.org\/{rel}","templated":true}]}}