{"id":38,"date":"2016-07-24T12:03:51","date_gmt":"2016-07-24T11:03:51","guid":{"rendered":"http:\/\/babyloniere.fr\/?page_id=38"},"modified":"2020-08-25T21:21:54","modified_gmt":"2020-08-25T20:21:54","slug":"noir-et-blanc","status":"publish","type":"page","link":"http:\/\/babyloniere.fr\/index.php\/noir-et-blanc\/","title":{"rendered":"monochromes"},"content":{"rendered":"<figure id=\"attachment_188\" aria-describedby=\"caption-attachment-188\" style=\"width: 1050px\" class=\"wp-caption alignnone\"><img decoding=\"async\" loading=\"lazy\" class=\"wp-image-188 size-full\" src=\"http:\/\/babyloniere.fr\/wp-content\/uploads\/2016\/07\/Maison_Papa_Marcel-NEW-700.jpg\" alt=\"\" width=\"1050\" height=\"700\" srcset=\"http:\/\/babyloniere.fr\/wp-content\/uploads\/2016\/07\/Maison_Papa_Marcel-NEW-700.jpg 1050w, http:\/\/babyloniere.fr\/wp-content\/uploads\/2016\/07\/Maison_Papa_Marcel-NEW-700-300x200.jpg 300w, http:\/\/babyloniere.fr\/wp-content\/uploads\/2016\/07\/Maison_Papa_Marcel-NEW-700-768x512.jpg 768w, http:\/\/babyloniere.fr\/wp-content\/uploads\/2016\/07\/Maison_Papa_Marcel-NEW-700-1024x683.jpg 1024w, http:\/\/babyloniere.fr\/wp-content\/uploads\/2016\/07\/Maison_Papa_Marcel-NEW-700-960x640.jpg 960w\" sizes=\"(max-width: 1050px) 100vw, 1050px\" \/><figcaption id=\"caption-attachment-188\" class=\"wp-caption-text\">Machouer Machouer, village Bagy\u00e9li en pleine for\u00eat<\/figcaption><\/figure>\n<figure id=\"attachment_195\" aria-describedby=\"caption-attachment-195\" style=\"width: 933px\" class=\"wp-caption aligncenter\"><img decoding=\"async\" loading=\"lazy\" class=\"wp-image-195 size-full\" src=\"http:\/\/babyloniere.fr\/wp-content\/uploads\/2016\/07\/Nguini_Marcel_nuque-NB-700.jpg\" alt=\"\" width=\"933\" height=\"700\" srcset=\"http:\/\/babyloniere.fr\/wp-content\/uploads\/2016\/07\/Nguini_Marcel_nuque-NB-700.jpg 933w, http:\/\/babyloniere.fr\/wp-content\/uploads\/2016\/07\/Nguini_Marcel_nuque-NB-700-300x225.jpg 300w, http:\/\/babyloniere.fr\/wp-content\/uploads\/2016\/07\/Nguini_Marcel_nuque-NB-700-768x576.jpg 768w, http:\/\/babyloniere.fr\/wp-content\/uploads\/2016\/07\/Nguini_Marcel_nuque-NB-700-770x578.jpg 770w\" sizes=\"(max-width: 933px) 100vw, 933px\" \/><figcaption id=\"caption-attachment-195\" class=\"wp-caption-text\">gu\u00e9risseur traditionnel<\/figcaption><\/figure>\n<figure id=\"attachment_239\" aria-describedby=\"caption-attachment-239\" style=\"width: 467px\" class=\"wp-caption aligncenter\"><img decoding=\"async\" loading=\"lazy\" class=\"wp-image-239 size-full\" src=\"http:\/\/babyloniere.fr\/wp-content\/uploads\/2016\/07\/Foyer_coiffure_NB-700.jpg\" alt=\"_Foyer_coiffure_NB 700\" width=\"467\" height=\"700\" srcset=\"http:\/\/babyloniere.fr\/wp-content\/uploads\/2016\/07\/Foyer_coiffure_NB-700.jpg 467w, http:\/\/babyloniere.fr\/wp-content\/uploads\/2016\/07\/Foyer_coiffure_NB-700-200x300.jpg 200w\" sizes=\"(max-width: 467px) 100vw, 467px\" \/><figcaption id=\"caption-attachment-239\" class=\"wp-caption-text\">s\u00e9ance de coiffure au Foyer de Bipindi<\/figcaption><\/figure>\n<figure id=\"attachment_215\" aria-describedby=\"caption-attachment-215\" style=\"width: 1050px\" class=\"wp-caption aligncenter\"><img decoding=\"async\" loading=\"lazy\" class=\"wp-image-215 size-full\" src=\"http:\/\/babyloniere.fr\/wp-content\/uploads\/2016\/07\/Lendi_Bimboo-NEW-700.jpg\" width=\"1050\" height=\"700\" srcset=\"http:\/\/babyloniere.fr\/wp-content\/uploads\/2016\/07\/Lendi_Bimboo-NEW-700.jpg 1050w, http:\/\/babyloniere.fr\/wp-content\/uploads\/2016\/07\/Lendi_Bimboo-NEW-700-300x200.jpg 300w, http:\/\/babyloniere.fr\/wp-content\/uploads\/2016\/07\/Lendi_Bimboo-NEW-700-768x512.jpg 768w, http:\/\/babyloniere.fr\/wp-content\/uploads\/2016\/07\/Lendi_Bimboo-NEW-700-1024x683.jpg 1024w, http:\/\/babyloniere.fr\/wp-content\/uploads\/2016\/07\/Lendi_Bimboo-NEW-700-960x640.jpg 960w\" sizes=\"(max-width: 1050px) 100vw, 1050px\" \/><figcaption id=\"caption-attachment-215\" class=\"wp-caption-text\">marigot o\u00f9 se lavent les femmes<\/figcaption><\/figure>\n<figure id=\"attachment_259\" aria-describedby=\"caption-attachment-259\" style=\"width: 431px\" class=\"wp-caption aligncenter\"><img decoding=\"async\" loading=\"lazy\" class=\"wp-image-259 size-full\" src=\"http:\/\/babyloniere.fr\/wp-content\/uploads\/2016\/08\/Chimpanze-700.jpg\" alt=\"_Chimpanze 700\" width=\"431\" height=\"700\" srcset=\"http:\/\/babyloniere.fr\/wp-content\/uploads\/2016\/08\/Chimpanze-700.jpg 431w, http:\/\/babyloniere.fr\/wp-content\/uploads\/2016\/08\/Chimpanze-700-185x300.jpg 185w\" sizes=\"(max-width: 431px) 100vw, 431px\" \/><figcaption id=\"caption-attachment-259\" class=\"wp-caption-text\">un plat appr\u00e9ci\u00e9 par les enfants, mais interdit : de la t\u00eate de chimpanz\u00e9<\/figcaption><\/figure>\n<figure id=\"attachment_275\" aria-describedby=\"caption-attachment-275\" style=\"width: 1050px\" class=\"wp-caption aligncenter\"><img decoding=\"async\" loading=\"lazy\" class=\"wp-image-275 size-full\" src=\"http:\/\/babyloniere.fr\/wp-content\/uploads\/2016\/10\/Campement_chasse-700.jpg\" alt=\"_campement_chasse-700\" width=\"1050\" height=\"700\" srcset=\"http:\/\/babyloniere.fr\/wp-content\/uploads\/2016\/10\/Campement_chasse-700.jpg 1050w, http:\/\/babyloniere.fr\/wp-content\/uploads\/2016\/10\/Campement_chasse-700-300x200.jpg 300w, http:\/\/babyloniere.fr\/wp-content\/uploads\/2016\/10\/Campement_chasse-700-768x512.jpg 768w, http:\/\/babyloniere.fr\/wp-content\/uploads\/2016\/10\/Campement_chasse-700-1024x683.jpg 1024w, http:\/\/babyloniere.fr\/wp-content\/uploads\/2016\/10\/Campement_chasse-700-960x640.jpg 960w\" sizes=\"(max-width: 1050px) 100vw, 1050px\" \/><figcaption id=\"caption-attachment-275\" class=\"wp-caption-text\">campement de chasse<\/figcaption><\/figure>\n","protected":false},"excerpt":{"rendered":"","protected":false},"author":1,"featured_media":0,"parent":0,"menu_order":0,"comment_status":"closed","ping_status":"closed","template":"","meta":[],"_links":{"self":[{"href":"http:\/\/babyloniere.fr\/index.php\/wp-json\/wp\/v2\/pages\/38"}],"collection":[{"href":"http:\/\/babyloniere.fr\/index.php\/wp-json\/wp\/v2\/pages"}],"about":[{"href":"http:\/\/babyloniere.fr\/index.php\/wp-json\/wp\/v2\/types\/page"}],"author":[{"embeddable":true,"href":"http:\/\/babyloniere.fr\/index.php\/wp-json\/wp\/v2\/users\/1"}],"replies":[{"embeddable":true,"href":"http:\/\/babyloniere.fr\/index.php\/wp-json\/wp\/v2\/comments?post=38"}],"version-history":[{"count":27,"href":"http:\/\/babyloniere.fr\/index.php\/wp-json\/wp\/v2\/pages\/38\/revisions"}],"predecessor-version":[{"id":591,"href":"http:\/\/babyloniere.fr\/index.php\/wp-json\/wp\/v2\/pages\/38\/revisions\/591"}],"wp:attachment":[{"href":"http:\/\/babyloniere.fr\/index.php\/wp-json\/wp\/v2\/media?parent=38"}],"curies":[{"name":"wp","href":"https:\/\/api.w.org\/{rel}","templated":true}]}}