{"id":34,"date":"2016-07-24T11:53:11","date_gmt":"2016-07-24T10:53:11","guid":{"rendered":"http:\/\/babyloniere.fr\/?page_id=34"},"modified":"2019-03-13T09:28:35","modified_gmt":"2019-03-13T08:28:35","slug":"couleur","status":"publish","type":"page","link":"http:\/\/babyloniere.fr\/","title":{"rendered":"Accueil"},"content":{"rendered":"<h1 style=\"text-align: center;\">Pygm\u00e9e au 21\u00e8me si\u00e8cle<\/h1>\n<h3 style=\"text-align: center;\"><span style=\"color: #999999;\"><em>un projet photographique de Fran\u00e7ois-Philippe Gallois<\/em><\/span><\/h3>\n<p style=\"text-align: justify;\">Au Sud Cameroun, les Pygm\u00e9es Bagy\u00e9li forment une petite ethnie de chasseurs-cueilleurs longtemps discrimin\u00e9e, qui aujourd&rsquo;hui essaie de s&rsquo;int\u00e9grer dans une soci\u00e9t\u00e9 africaine elle-m\u00eame en pleine mutation.<\/p>\n<p style=\"text-align: justify;\">Ce processus commun \u00e0 de nombreux peuples autochtones, prend une intensit\u00e9 particuli\u00e8re pour les Bagy\u00e9li en raison de la construction toute proche du vaste complexe industriel et portuaire de Kribi.<\/p>\n<p style=\"text-align: justify;\">L&rsquo;auteur du projet photographique, Fran\u00e7ois-Philippe Gallois, accompagne l&rsquo;int\u00e9gration du peuple Bagy\u00e9li depuis 2005, d&rsquo;abord par la r\u00e9alisation \u00ab\u00a0en immersion\u00a0\u00bb d&rsquo;un film documentaire, et depuis, par son engagement au sein d&rsquo;une association camerounaise, le FONDAF, Foyer des Pygm\u00e9es Bagy\u00e9li de Bipindi, qui scolarise 150 enfants Pygm\u00e9es.<span style=\"color: #999999;\"> <em>(film :\u00a0<a style=\"color: #999999;\" href=\"http:\/\/matango.fr\" target=\"_blank\" rel=\"noopener noreferrer\">http:\/\/matango.fr<\/a>)<\/em><\/span><\/p>\n<p style=\"text-align: justify;\">Son travail photographique actuel a pour objet de capter l&rsquo;\u00e9volution de l&rsquo;identit\u00e9 du peuple Bagy\u00e9li, visc\u00e9ralement li\u00e9 \u00e0 la for\u00eat tropicale, et qui voit son univers basculer de fa\u00e7on radicale dans une \u00e9conomie mondialis\u00e9e.<\/p>\n","protected":false},"excerpt":{"rendered":"<p>Pygm\u00e9e au 21\u00e8me si\u00e8cle un projet photographique de Fran\u00e7ois-Philippe Gallois Au Sud Cameroun, les Pygm\u00e9es Bagy\u00e9li forment une petite ethnie de chasseurs-cueilleurs longtemps discrimin\u00e9e, qui aujourd&rsquo;hui essaie de s&rsquo;int\u00e9grer dans une soci\u00e9t\u00e9 africaine elle-m\u00eame en pleine mutation. Ce processus commun \u00e0 de nombreux peuples autochtones, prend une intensit\u00e9 particuli\u00e8re pour les Bagy\u00e9li en raison de &hellip; <\/p>\n","protected":false},"author":1,"featured_media":0,"parent":0,"menu_order":0,"comment_status":"closed","ping_status":"closed","template":"","meta":[],"_links":{"self":[{"href":"http:\/\/babyloniere.fr\/index.php\/wp-json\/wp\/v2\/pages\/34"}],"collection":[{"href":"http:\/\/babyloniere.fr\/index.php\/wp-json\/wp\/v2\/pages"}],"about":[{"href":"http:\/\/babyloniere.fr\/index.php\/wp-json\/wp\/v2\/types\/page"}],"author":[{"embeddable":true,"href":"http:\/\/babyloniere.fr\/index.php\/wp-json\/wp\/v2\/users\/1"}],"replies":[{"embeddable":true,"href":"http:\/\/babyloniere.fr\/index.php\/wp-json\/wp\/v2\/comments?post=34"}],"version-history":[{"count":45,"href":"http:\/\/babyloniere.fr\/index.php\/wp-json\/wp\/v2\/pages\/34\/revisions"}],"predecessor-version":[{"id":498,"href":"http:\/\/babyloniere.fr\/index.php\/wp-json\/wp\/v2\/pages\/34\/revisions\/498"}],"wp:attachment":[{"href":"http:\/\/babyloniere.fr\/index.php\/wp-json\/wp\/v2\/media?parent=34"}],"curies":[{"name":"wp","href":"https:\/\/api.w.org\/{rel}","templated":true}]}}