{"id":111,"date":"2016-07-24T21:43:38","date_gmt":"2016-07-24T20:43:38","guid":{"rendered":"http:\/\/babyloniere.fr\/?page_id=111"},"modified":"2019-03-19T10:16:58","modified_gmt":"2019-03-19T09:16:58","slug":"en-foret","status":"publish","type":"page","link":"http:\/\/babyloniere.fr\/index.php\/en-foret\/","title":{"rendered":"en for\u00eat"},"content":{"rendered":"<h4 style=\"text-align: center;\">le mode de vie des Bagy\u00e9li est encore li\u00e9 \u00e0 la for\u00eat, et repose principalement sur la chasse<\/h4>\n<figure id=\"attachment_284\" aria-describedby=\"caption-attachment-284\" style=\"width: 467px\" class=\"wp-caption aligncenter\"><img decoding=\"async\" loading=\"lazy\" class=\"wp-image-284 size-full\" src=\"http:\/\/babyloniere.fr\/wp-content\/uploads\/2017\/01\/Etoile_au_panier-700.jpg\" alt=\"_etoile_au_panier-700\" width=\"467\" height=\"700\" srcset=\"http:\/\/babyloniere.fr\/wp-content\/uploads\/2017\/01\/Etoile_au_panier-700.jpg 467w, http:\/\/babyloniere.fr\/wp-content\/uploads\/2017\/01\/Etoile_au_panier-700-200x300.jpg 200w\" sizes=\"(max-width: 467px) 100vw, 467px\" \/><figcaption id=\"caption-attachment-284\" class=\"wp-caption-text\">le panier est un outil indispensable pour transporter tout ce qui est collect\u00e9 en for\u00eat (gibier, \u00e9corces, fruits, miel, etc.)<\/figcaption><\/figure>\n<h4 style=\"text-align: center;\">les gros animaux (gorilles, chimpanz\u00e9s, \u00e9l\u00e9phants &#8230;) ont quasiment disparu de la for\u00eat des Bagy\u00e9li qui se rabattent sur un gibier plus petit : antilopes, porc-\u00e9pics, rats de for\u00eat &#8230;<\/h4>\n<figure id=\"attachment_291\" aria-describedby=\"caption-attachment-291\" style=\"width: 1050px\" class=\"wp-caption aligncenter\"><img decoding=\"async\" loading=\"lazy\" class=\"wp-image-291 size-full\" src=\"http:\/\/babyloniere.fr\/wp-content\/uploads\/2017\/01\/Ntoua_creuse_rat-700.jpg\" alt=\"_ntoua_creuse_rat-700\" width=\"1050\" height=\"700\" srcset=\"http:\/\/babyloniere.fr\/wp-content\/uploads\/2017\/01\/Ntoua_creuse_rat-700.jpg 1050w, http:\/\/babyloniere.fr\/wp-content\/uploads\/2017\/01\/Ntoua_creuse_rat-700-300x200.jpg 300w, http:\/\/babyloniere.fr\/wp-content\/uploads\/2017\/01\/Ntoua_creuse_rat-700-768x512.jpg 768w, http:\/\/babyloniere.fr\/wp-content\/uploads\/2017\/01\/Ntoua_creuse_rat-700-1024x683.jpg 1024w, http:\/\/babyloniere.fr\/wp-content\/uploads\/2017\/01\/Ntoua_creuse_rat-700-960x640.jpg 960w\" sizes=\"(max-width: 1050px) 100vw, 1050px\" \/><figcaption id=\"caption-attachment-291\" class=\"wp-caption-text\">\u00e0 la chasse au rat de for\u00eat, une jeune Bagy\u00e9li plonge la main dans un terrier pour savoir s&rsquo;il est encore occup\u00e9<\/figcaption><\/figure>\n<figure id=\"attachment_85\" aria-describedby=\"caption-attachment-85\" style=\"width: 1000px\" class=\"wp-caption aligncenter\"><img decoding=\"async\" loading=\"lazy\" class=\"wp-image-85 size-full\" src=\"http:\/\/babyloniere.fr\/wp-content\/uploads\/2016\/07\/Raby_au_fusil-1000.jpg\" alt=\"_Raby_au_fusil 1000\" width=\"1000\" height=\"562\" srcset=\"http:\/\/babyloniere.fr\/wp-content\/uploads\/2016\/07\/Raby_au_fusil-1000.jpg 1000w, http:\/\/babyloniere.fr\/wp-content\/uploads\/2016\/07\/Raby_au_fusil-1000-300x169.jpg 300w, http:\/\/babyloniere.fr\/wp-content\/uploads\/2016\/07\/Raby_au_fusil-1000-768x432.jpg 768w\" sizes=\"(max-width: 1000px) 100vw, 1000px\" \/><figcaption id=\"caption-attachment-85\" class=\"wp-caption-text\">il arrive qu&rsquo;un agriculteur pr\u00eate un fusil \u00e0 un Bagy\u00e9li contre une grosse partie du fruit de sa chasse, les probl\u00e8mes commencent quand le nombre des gibiers rapport\u00e9s est inf\u00e9rieur au nombre de cartouches qui ont \u00e9t\u00e9 confi\u00e9es<\/figcaption><\/figure>\n<figure id=\"attachment_189\" aria-describedby=\"caption-attachment-189\" style=\"width: 583px\" class=\"wp-caption aligncenter\"><img decoding=\"async\" loading=\"lazy\" class=\"wp-image-189 size-full\" src=\"http:\/\/babyloniere.fr\/wp-content\/uploads\/2016\/07\/Mama_Cecile_et_ses_nasses-NEW-700.jpg\" alt=\"\" width=\"583\" height=\"700\" srcset=\"http:\/\/babyloniere.fr\/wp-content\/uploads\/2016\/07\/Mama_Cecile_et_ses_nasses-NEW-700.jpg 583w, http:\/\/babyloniere.fr\/wp-content\/uploads\/2016\/07\/Mama_Cecile_et_ses_nasses-NEW-700-250x300.jpg 250w\" sizes=\"(max-width: 583px) 100vw, 583px\" \/><figcaption id=\"caption-attachment-189\" class=\"wp-caption-text\">retour d&rsquo;une p\u00eache aux poissons silures avec des nasses<\/figcaption><\/figure>\n<figure id=\"attachment_184\" aria-describedby=\"caption-attachment-184\" style=\"width: 394px\" class=\"wp-caption aligncenter\"><img decoding=\"async\" loading=\"lazy\" class=\"wp-image-184 size-full\" src=\"http:\/\/babyloniere.fr\/wp-content\/uploads\/2016\/07\/Enfants_dans_arbre-700.jpg\" alt=\"\" width=\"394\" height=\"700\" srcset=\"http:\/\/babyloniere.fr\/wp-content\/uploads\/2016\/07\/Enfants_dans_arbre-700.jpg 394w, http:\/\/babyloniere.fr\/wp-content\/uploads\/2016\/07\/Enfants_dans_arbre-700-169x300.jpg 169w\" sizes=\"(max-width: 394px) 100vw, 394px\" \/><figcaption id=\"caption-attachment-184\" class=\"wp-caption-text\">les enfants apprennent la vie en for\u00eat en la pratiquant avec une totale libert\u00e9<\/figcaption><\/figure>\n<p><img decoding=\"async\" loading=\"lazy\" class=\"aligncenter wp-image-182 size-full\" src=\"http:\/\/babyloniere.fr\/wp-content\/uploads\/2016\/07\/Chute_Memel-700.jpg\" alt=\"\" width=\"467\" height=\"700\" srcset=\"http:\/\/babyloniere.fr\/wp-content\/uploads\/2016\/07\/Chute_Memel-700.jpg 467w, http:\/\/babyloniere.fr\/wp-content\/uploads\/2016\/07\/Chute_Memel-700-200x300.jpg 200w\" sizes=\"(max-width: 467px) 100vw, 467px\" \/><\/p>\n<h4><\/h4>\n<h4><\/h4>\n<h4 style=\"text-align: center;\">la recherche de l&rsquo;or<\/h4>\n<figure id=\"attachment_467\" aria-describedby=\"caption-attachment-467\" style=\"width: 1050px\" class=\"wp-caption aligncenter\"><img decoding=\"async\" loading=\"lazy\" class=\"wp-image-467 size-full\" src=\"http:\/\/babyloniere.fr\/wp-content\/uploads\/2018\/02\/Recherche_or_B_700.jpg\" alt=\"\" width=\"1050\" height=\"700\" srcset=\"http:\/\/babyloniere.fr\/wp-content\/uploads\/2018\/02\/Recherche_or_B_700.jpg 1050w, http:\/\/babyloniere.fr\/wp-content\/uploads\/2018\/02\/Recherche_or_B_700-300x200.jpg 300w, http:\/\/babyloniere.fr\/wp-content\/uploads\/2018\/02\/Recherche_or_B_700-768x512.jpg 768w, http:\/\/babyloniere.fr\/wp-content\/uploads\/2018\/02\/Recherche_or_B_700-700x467.jpg 700w, http:\/\/babyloniere.fr\/wp-content\/uploads\/2018\/02\/Recherche_or_B_700-405x270.jpg 405w\" sizes=\"(max-width: 1050px) 100vw, 1050px\" \/><figcaption id=\"caption-attachment-467\" class=\"wp-caption-text\">face \u00e0 la rar\u00e9faction du gibier certains Bagy\u00e9li se tournent vers la recherche de l&rsquo;or pr\u00e9sent dans le sol de leur for\u00eat, cette activit\u00e9 leur rapporte plus d&rsquo;argent que la chasse mais leur demande un travail beaucoup plus dur<\/figcaption><\/figure>\n<figure id=\"attachment_466\" aria-describedby=\"caption-attachment-466\" style=\"width: 1050px\" class=\"wp-caption aligncenter\"><img decoding=\"async\" loading=\"lazy\" class=\"wp-image-466 size-full\" src=\"http:\/\/babyloniere.fr\/wp-content\/uploads\/2018\/02\/Recherche_or_A_700.jpg\" alt=\"\" width=\"1050\" height=\"700\" srcset=\"http:\/\/babyloniere.fr\/wp-content\/uploads\/2018\/02\/Recherche_or_A_700.jpg 1050w, http:\/\/babyloniere.fr\/wp-content\/uploads\/2018\/02\/Recherche_or_A_700-300x200.jpg 300w, http:\/\/babyloniere.fr\/wp-content\/uploads\/2018\/02\/Recherche_or_A_700-768x512.jpg 768w, http:\/\/babyloniere.fr\/wp-content\/uploads\/2018\/02\/Recherche_or_A_700-700x467.jpg 700w, http:\/\/babyloniere.fr\/wp-content\/uploads\/2018\/02\/Recherche_or_A_700-405x270.jpg 405w\" sizes=\"(max-width: 1050px) 100vw, 1050px\" \/><figcaption id=\"caption-attachment-466\" class=\"wp-caption-text\">apr\u00e8s avoir \u00ab\u00a0lav\u00e9\u00a0\u00bb plusieurs m\u00e8tres cubes de terre, il reste quelques milligrammes d&rsquo;or qui brillent au fond de la cuvette<\/figcaption><\/figure>\n","protected":false},"excerpt":{"rendered":"<p>le mode de vie des Bagy\u00e9li est encore li\u00e9 \u00e0 la for\u00eat, et repose principalement sur la chasse les gros animaux (gorilles, chimpanz\u00e9s, \u00e9l\u00e9phants &#8230;) ont quasiment disparu de la for\u00eat des Bagy\u00e9li qui se rabattent sur un gibier plus petit : antilopes, porc-\u00e9pics, rats de for\u00eat &#8230; la recherche de l&rsquo;or<\/p>\n","protected":false},"author":1,"featured_media":0,"parent":0,"menu_order":0,"comment_status":"closed","ping_status":"closed","template":"","meta":[],"_links":{"self":[{"href":"http:\/\/babyloniere.fr\/index.php\/wp-json\/wp\/v2\/pages\/111"}],"collection":[{"href":"http:\/\/babyloniere.fr\/index.php\/wp-json\/wp\/v2\/pages"}],"about":[{"href":"http:\/\/babyloniere.fr\/index.php\/wp-json\/wp\/v2\/types\/page"}],"author":[{"embeddable":true,"href":"http:\/\/babyloniere.fr\/index.php\/wp-json\/wp\/v2\/users\/1"}],"replies":[{"embeddable":true,"href":"http:\/\/babyloniere.fr\/index.php\/wp-json\/wp\/v2\/comments?post=111"}],"version-history":[{"count":37,"href":"http:\/\/babyloniere.fr\/index.php\/wp-json\/wp\/v2\/pages\/111\/revisions"}],"predecessor-version":[{"id":577,"href":"http:\/\/babyloniere.fr\/index.php\/wp-json\/wp\/v2\/pages\/111\/revisions\/577"}],"wp:attachment":[{"href":"http:\/\/babyloniere.fr\/index.php\/wp-json\/wp\/v2\/media?parent=111"}],"curies":[{"name":"wp","href":"https:\/\/api.w.org\/{rel}","templated":true}]}}